{"id":42,"date":"2017-11-01T15:44:41","date_gmt":"2017-11-01T14:44:41","guid":{"rendered":"http:\/\/www.fischer-musik.de\/?page_id=42"},"modified":"2017-12-24T18:21:32","modified_gmt":"2017-12-24T17:21:32","slug":"was-biete-ich-ihnen","status":"publish","type":"page","link":"https:\/\/www.fischer-musik.de\/?page_id=42","title":{"rendered":"was biete ich Ihnen?"},"content":{"rendered":"<div class='gt3_row-fluid'><div style='padding-bottom:40px;' class='gt3_col4 first-module module_number_1 module_cont  module_text_area'>\n                <div class='module_content'>\n                    <p><img loading=\"lazy\" decoding=\"async\" src=\"\/wp-content\/uploads\/2017\/12\/IMG_7863-1.jpg\" width=\"700\" height=\"525\" \/><\/p>\n                <\/div><\/div><!-- .module_cont --><div style='padding-bottom:40px;' class='gt3_col8  module_number_2 module_cont  module_contact_info'><div class='bg_title'><h2 style='' class='headInModule'>Organistent\u00e4tigkeiten<\/h2><\/div><ul class='contact_info_list'><li class='contact_info_item'><div class='contact_info_wrapper'><span class='contact_info_icon' style='background:#c5c5c5;'><i style='color:#ffffff' class='icon-arrow-right'><\/i><\/span><div class=\"contact_info_text\">Gottesdienste<\/div><\/div><\/li><li class='contact_info_item'><div class='contact_info_wrapper'><span class='contact_info_icon' style='background:#c5c5c5;'><i style='color:#ffffff' class='icon-arrow-right'><\/i><\/span><div class=\"contact_info_text\">Feiertage<\/div><\/div><\/li><li class='contact_info_item'><div class='contact_info_wrapper'><span class='contact_info_icon' style='background:#c5c5c5;'><i style='color:#ffffff' class='icon-arrow-right'><\/i><\/span><div class=\"contact_info_text\">Hochzeiten<\/div><\/div><\/li><li class='contact_info_item'><div class='contact_info_wrapper'><span class='contact_info_icon' style='background:#c5c5c5;'><i style='color:#ffffff' class='icon-arrow-right'><\/i><\/span><div class=\"contact_info_text\">Taufen<\/div><\/div><\/li><li class='contact_info_item'><div class='contact_info_wrapper'><span class='contact_info_icon' style='background:#c5c5c5;'><i style='color:#ffffff' class='icon-arrow-right'><\/i><\/span><div class=\"contact_info_text\">Solistenbegleitung<\/div><\/div><\/li><li class='contact_info_item'><div class='contact_info_wrapper'><span class='contact_info_icon' style='background:#c5c5c5;'><i style='color:#ffffff' class='icon-arrow-right'><\/i><\/span><div class=\"contact_info_text\">Konzerte<\/div><\/div><\/li><li class='contact_info_item'><div class='contact_info_wrapper'><span class='contact_info_icon' style='background:#c5c5c5;'><i style='color:#ffffff' class='icon-envelope'><\/i><\/span><div class=\"contact_info_text\">Bitte denken Sie daran, mich rechtzeitig f\u00fcr Ihr Familienfest anzusprechen.<\/div><\/div><\/li><\/ul><\/div><!-- .module_cont --><\/div><div class='gt3_row-fluid'><div style='padding-bottom:40px;' class='gt3_col8  module_number_3 module_cont  module_contact_info'><div class='bg_title'><h2 style='' class='headInModule'>Pianistent\u00e4tigkeiten<\/h2><\/div><ul class='contact_info_list'><li class='contact_info_item'><div class='contact_info_wrapper'><span class='contact_info_icon' style='background:#c5c5c5;'><i style='color:#ffffff' class='icon-arrow-right'><\/i><\/span><div class=\"contact_info_text\">Konzerte<\/div><\/div><\/li><li class='contact_info_item'><div class='contact_info_wrapper'><span class='contact_info_icon' style='background:#c5c5c5;'><i style='color:#ffffff' class='icon-arrow-right'><\/i><\/span><div class=\"contact_info_text\">Chorbegleitung<\/div><\/div><\/li><li class='contact_info_item'><div class='contact_info_wrapper'><span class='contact_info_icon' style='background:#c5c5c5;'><i style='color:#ffffff' class='icon-arrow-right'><\/i><\/span><div class=\"contact_info_text\">Solistenbegleitung<\/div><\/div><\/li><li class='contact_info_item'><div class='contact_info_wrapper'><span class='contact_info_icon' style='background:#c5c5c5;'><i style='color:#ffffff' class='icon-arrow-right'><\/i><\/span><div class=\"contact_info_text\">Bandbegleitung<\/div><\/div><\/li><\/ul><\/div><!-- .module_cont --><div style='padding-bottom:40px;' class='gt3_col4  module_number_4 module_cont  module_text_area'>\n                <div class='module_content'>\n                    <p><img loading=\"lazy\" decoding=\"async\" src=\"\/wp-content\/uploads\/2017\/12\/IMG_7863-1.jpg\" width=\"700\" height=\"525\" \/><\/p>\n                <\/div><\/div><!-- .module_cont --><\/div>","protected":false},"excerpt":{"rendered":"<p>Organistent\u00e4tigkeitenGottesdiensteFeiertageHochzeitenTaufenSolistenbegleitungKonzerteBitte denken Sie daran, mich rechtzeitig f\u00fcr Ihr Familienfest anzusprechen.Pianistent\u00e4tigkeitenKonzerteChorbegleitungSolistenbegleitungBandbegleitung<\/p>\n","protected":false},"author":1,"featured_media":0,"parent":0,"menu_order":0,"comment_status":"closed","ping_status":"closed","template":"","meta":{"footnotes":""},"class_list":["post-42","page","type-page","status-publish","hentry"],"_links":{"self":[{"href":"https:\/\/www.fischer-musik.de\/index.php?rest_route=\/wp\/v2\/pages\/42"}],"collection":[{"href":"https:\/\/www.fischer-musik.de\/index.php?rest_route=\/wp\/v2\/pages"}],"about":[{"href":"https:\/\/www.fischer-musik.de\/index.php?rest_route=\/wp\/v2\/types\/page"}],"author":[{"embeddable":true,"href":"https:\/\/www.fischer-musik.de\/index.php?rest_route=\/wp\/v2\/users\/1"}],"replies":[{"embeddable":true,"href":"https:\/\/www.fischer-musik.de\/index.php?rest_route=%2Fwp%2Fv2%2Fcomments&post=42"}],"version-history":[{"count":1,"href":"https:\/\/www.fischer-musik.de\/index.php?rest_route=\/wp\/v2\/pages\/42\/revisions"}],"predecessor-version":[{"id":43,"href":"https:\/\/www.fischer-musik.de\/index.php?rest_route=\/wp\/v2\/pages\/42\/revisions\/43"}],"wp:attachment":[{"href":"https:\/\/www.fischer-musik.de\/index.php?rest_route=%2Fwp%2Fv2%2Fmedia&parent=42"}],"curies":[{"name":"wp","href":"https:\/\/api.w.org\/{rel}","templated":true}]}}